{"id":124,"date":"2017-03-21T13:22:21","date_gmt":"2017-03-21T13:22:21","guid":{"rendered":"http:\/\/www.tourmusicfest.com\/?page_id=124"},"modified":"2026-01-12T17:54:47","modified_gmt":"2026-01-12T17:54:47","slug":"nuestros-valores","status":"publish","type":"page","link":"https:\/\/www.tourmusicfest.com\/es\/nuestros-valores\/","title":{"rendered":"NUESTROS VALORES"},"content":{"rendered":"<p>Nuestros valores han sido el factor determinante en c\u00f3mo trabajamos, y es gracias a nuestros valores que hemos continuado creciendo por los \u00faltimos 10 a\u00f1os. Pasamos estos valores a nuestros participantes durante cada momento de su experiencia en el Tour Music Fest.<\/p>\n<p><b style=\"padding-top: 50px;\">CRECIMIENTO<\/b><\/p>\n<p>Creemos que el crecimiento es la base de todo. El crecimiento, tanto personal como art\u00edstico, es uno de las primeras metas que queremos que cada uno de nuestros artistas alcancen mientras participan en el Tour Music Fest.<\/p>\n<hr \/>\n<p><b>CONTRIBUCI\u00d3N<\/b><\/p>\n<p>Creemos que cada uno de nuestros participantes puede dar al mundo su parte del valor art\u00edstico, nuestra meta es que nos acompa\u00f1en a lo largo del camino al descubrimiento y desarrollo de sus talentos y de su identidad art\u00edstica.<\/p>\n<hr \/>\n<p><b>RESPETO<\/b><\/p>\n<p>El respeto por la m\u00fasica y artistas es fundamental, es por lo que intentamos lo mejor que se puede de asegurarnos que todo est\u00e9 organizado a la perfecci\u00f3n durante cada evento.<\/p>\n<hr \/>\n<p><b>\u00c9XITO<\/b><\/p>\n<p>Creemos que el \u00e9xito es mucho m\u00e1s que hacer una aparici\u00f3n en TV. El \u00e9xito es alcanzado cuando haces que pasen cosas de acuerdo a tus metas que te has impuesto. Ayudamos a los artistas a definir y construir ese camino que los llevar\u00e1 ah\u00ed.<\/p>\n<p>&nbsp;<\/p>\n<hr \/>\n<p>&nbsp;<\/p>\n<p><b>COMPARTIR<\/b><\/p>\n<p>Amamos cuando los artistas colaboran unos con otros porque creemos que la \u00fanica manera de crecer y producir m\u00fasica original es a trav\u00e9s de compartir los talentos y culturas de uno.<\/p>\n<hr \/>\n<p><b>CORAJE<\/b><\/p>\n<p>Queremos impulsar a nuestros artistas a ser ellos mismos y tener el coraje de ser diferentes, mostrando su originalidad al resto del mundo.<\/p>\n<hr \/>\n<p><b>HUMILDAD<\/b><\/p>\n<p>Ser humilde es lo que nos ayuda a querer aprender algo nuevo cada d\u00eda y siempre hacer las cosas mejor. Esperamos que nuestra constante curiosidad de a nuestros artistas un empuj\u00f3n extra.<\/p>\n<hr \/>\n<h2 style=\"padding-top: 50px;\">\u00bfC\u00d3MO DEMOSTRAMOS NUESTROS VALORES?<\/h2>\n<p><b>SISTEMA DE EVALUACI\u00d3N<\/b><\/p>\n<p>Creemos que una evaluaci\u00f3n equitativa es fundamental. Durante cada paso de las audiciones, muestro panel de jurados expresa sus opiniones art\u00edsticas completas al conocer al artista\/banda despu\u00e9s de la audici\u00f3n, llenando un reporte de progreso minuciosamente y escribiendo una rese\u00f1a art\u00edstica. Esta retroalimentaci\u00f3n es vista como un activador para crecimiento art\u00edstico y creemos que el crecimiento es un elemento fundamental para vivir y trabajar en un campo tal en el cual todos est\u00e1n celosos.<\/p>\n<hr \/>\n<p><b>TRANSPARENCIA Y FIABILIDAD<\/b><\/p>\n<p>Durante cada paso de la audici\u00f3n, todos nuestros artistas son informados de cuales par\u00e1metros de evaluaci\u00f3n el panel de jurados usar\u00e1 en su presentaci\u00f3n. Todos nuestros artistas recibir\u00e1n una retroalimentaci\u00f3n valiosa al final de cada audici\u00f3n.<\/p>\n<hr \/>\n<p><b>PANEL DE JURADO<\/b><\/p>\n<p>El panel de jurado del TMF es extremadamente diverso. Al frente de la comisi\u00f3n art\u00edstica est\u00e1 Kara DioGuardi, y junto con ella profesionales de la industria musical, sellos discogr\u00e1ficos mayores y menores, importantes artistas musicales, periodistas y cr\u00edticos musicales.<\/p>\n<hr \/>\n<p><b>PAQUETE TMF<\/b><\/p>\n<p>Cada artista que alcance las rondas macro-regionales de audiciones recibir\u00e1 el paquete TMF despu\u00e9s de su audici\u00f3n, que contiene un video de la audici\u00f3n, junto con algunas im\u00e1genes y un certificado de participacion.<\/p>\n<hr \/>\n<p><b>BOLSA DE PREMIOS<\/b><\/p>\n<p>Hay m\u00faltiples permios para escoger, desde firmar un contrato de grabaci\u00f3n a instrumentos musicales, becas musicales, y un tour internacional de conciertos, becas musicales en el extranjero y videos musicales profesionales.<\/p>\n<hr \/>\n<p><b>ORGANIZACI\u00d3N<\/b><\/p>\n<p>Nuestro personal, que est\u00e1 compuesto de m\u00e1s de 150 profesionales de toda Europa, quiere asegurarse de que la experiencia del Tour Music Fest sea \u00fatil, emocionante y disfrutable tanto como sea posible por los artistas. Todas nuestras audiciones est\u00e1n programadas por calendarizaci\u00f3n, asegur\u00e1ndose de que no existan filas exhaustivas. Sabemos perfectamente que un d\u00eda de trabajo o estudio para un artista es importante, y es por eso que nos aseguramos de tomar al menor tiempo necesario. Nuestra l\u00ednea de ayuda TMF Artist Care siempre est\u00e1 disponible para darle informaci\u00f3n, apoyo t\u00e9cnico y organizacional para las audiciones y los espect\u00e1culos en vivo.<\/p>\n<hr \/>\n<p><b>TARIFA DE REGISTRO DEL TMF<\/b><\/p>\n<p>Nunca le pediremos traer una audiencia pagada, no hay obligaci\u00f3n de ninguna manera en participar en nuestros campamentos de entrenamiento musical, e intentaremos hacerlo lo m\u00e1s cerca posible a usted las audiciones, intentando evadir costos extras por comida y viajes. Con el fin de mantener una econom\u00eda saludable y asegurarnos de que el Tour Music Fest contin\u00fae creciendo, independiente del mercado de televisi\u00f3n, necesitamos su apoyo al pedirle una peque\u00f1a tarifa. La tarifa de registro se recupera en su totalidad con los ahorros de los costes del viaje.<\/p>\n","protected":false},"excerpt":{"rendered":"<p>Nuestros valores han sido el factor determinante en c\u00f3mo trabajamos, y es gracias a nuestros valores que hemos continuado creciendo por los \u00faltimos 10 a\u00f1os. Pasamos estos valores a nuestros participantes durante cada momento de su experiencia en el Tour Music Fest. CRECIMIENTO Creemos que el crecimiento es la base de todo. El crecimiento, tanto [&hellip;]<\/p>\n","protected":false},"author":3,"featured_media":497,"parent":0,"menu_order":0,"comment_status":"closed","ping_status":"closed","template":"","meta":{"_acf_changed":false,"footnotes":""},"class_list":["post-124","page","type-page","status-publish","has-post-thumbnail","hentry"],"acf":[],"yoast_head":"<!-- This site is optimized with the Yoast SEO plugin v26.7 - https:\/\/yoast.com\/wordpress\/plugins\/seo\/ -->\n<title>NUESTROS VALORES - ES - Tour Music Fest<\/title>\n<meta name=\"robots\" content=\"index, follow, max-snippet:-1, max-image-preview:large, max-video-preview:-1\" \/>\n<link rel=\"canonical\" href=\"https:\/\/www.tourmusicfest.com\/es\/nuestros-valores\/\" \/>\n<meta property=\"og:locale\" content=\"es_ES\" \/>\n<meta property=\"og:type\" content=\"article\" \/>\n<meta property=\"og:title\" content=\"NUESTROS VALORES - ES - Tour Music Fest\" \/>\n<meta property=\"og:description\" content=\"Nuestros valores han sido el factor determinante en c\u00f3mo trabajamos, y es gracias a nuestros valores que hemos continuado creciendo por los \u00faltimos 10 a\u00f1os. Pasamos estos valores a nuestros participantes durante cada momento de su experiencia en el Tour Music Fest. CRECIMIENTO Creemos que el crecimiento es la base de todo. El crecimiento, tanto [&hellip;]\" \/>\n<meta property=\"og:url\" content=\"https:\/\/www.tourmusicfest.com\/es\/nuestros-valores\/\" \/>\n<meta property=\"og:site_name\" content=\"ES - Tour Music Fest\" \/>\n<meta property=\"article:publisher\" content=\"https:\/\/facebook.com\/tourmusicfest\" \/>\n<meta property=\"article:modified_time\" content=\"2026-01-12T17:54:47+00:00\" \/>\n<meta property=\"og:image\" content=\"https:\/\/www.tourmusicfest.com\/es\/files\/2017\/06\/bg-green.jpg\" \/>\n\t<meta property=\"og:image:width\" content=\"1920\" \/>\n\t<meta property=\"og:image:height\" content=\"996\" \/>\n\t<meta property=\"og:image:type\" content=\"image\/jpeg\" \/>\n<meta name=\"twitter:card\" content=\"summary_large_image\" \/>\n<meta name=\"twitter:label1\" content=\"Tiempo de lectura\" \/>\n\t<meta name=\"twitter:data1\" content=\"4 minutos\" \/>\n<script type=\"application\/ld+json\" class=\"yoast-schema-graph\">{\"@context\":\"https:\/\/schema.org\",\"@graph\":[{\"@type\":\"WebPage\",\"@id\":\"https:\/\/www.tourmusicfest.com\/es\/nuestros-valores\/\",\"url\":\"https:\/\/www.tourmusicfest.com\/es\/nuestros-valores\/\",\"name\":\"NUESTROS VALORES - ES - Tour Music Fest\",\"isPartOf\":{\"@id\":\"https:\/\/www.tourmusicfest.com\/es\/#website\"},\"primaryImageOfPage\":{\"@id\":\"https:\/\/www.tourmusicfest.com\/es\/nuestros-valores\/#primaryimage\"},\"image\":{\"@id\":\"https:\/\/www.tourmusicfest.com\/es\/nuestros-valores\/#primaryimage\"},\"thumbnailUrl\":\"https:\/\/www.tourmusicfest.com\/es\/files\/2017\/06\/bg-green.jpg\",\"datePublished\":\"2017-03-21T13:22:21+00:00\",\"dateModified\":\"2026-01-12T17:54:47+00:00\",\"breadcrumb\":{\"@id\":\"https:\/\/www.tourmusicfest.com\/es\/nuestros-valores\/#breadcrumb\"},\"inLanguage\":\"es\",\"potentialAction\":[{\"@type\":\"ReadAction\",\"target\":[\"https:\/\/www.tourmusicfest.com\/es\/nuestros-valores\/\"]}]},{\"@type\":\"ImageObject\",\"inLanguage\":\"es\",\"@id\":\"https:\/\/www.tourmusicfest.com\/es\/nuestros-valores\/#primaryimage\",\"url\":\"https:\/\/www.tourmusicfest.com\/es\/files\/2017\/06\/bg-green.jpg\",\"contentUrl\":\"https:\/\/www.tourmusicfest.com\/es\/files\/2017\/06\/bg-green.jpg\",\"width\":1920,\"height\":996},{\"@type\":\"BreadcrumbList\",\"@id\":\"https:\/\/www.tourmusicfest.com\/es\/nuestros-valores\/#breadcrumb\",\"itemListElement\":[{\"@type\":\"ListItem\",\"position\":1,\"name\":\"Home\",\"item\":\"https:\/\/www.tourmusicfest.com\/es\/\"},{\"@type\":\"ListItem\",\"position\":2,\"name\":\"NUESTROS VALORES\"}]},{\"@type\":\"WebSite\",\"@id\":\"https:\/\/www.tourmusicfest.com\/es\/#website\",\"url\":\"https:\/\/www.tourmusicfest.com\/es\/\",\"name\":\"Tour Music Fest - ES\",\"description\":\"The European Music Contest\",\"publisher\":{\"@id\":\"https:\/\/www.tourmusicfest.com\/es\/#organization\"},\"potentialAction\":[{\"@type\":\"SearchAction\",\"target\":{\"@type\":\"EntryPoint\",\"urlTemplate\":\"https:\/\/www.tourmusicfest.com\/es\/?s={search_term_string}\"},\"query-input\":{\"@type\":\"PropertyValueSpecification\",\"valueRequired\":true,\"valueName\":\"search_term_string\"}}],\"inLanguage\":\"es\"},{\"@type\":\"Organization\",\"@id\":\"https:\/\/www.tourmusicfest.com\/es\/#organization\",\"name\":\"ES - Tour Music Fest\",\"url\":\"https:\/\/www.tourmusicfest.com\/es\/\",\"logo\":{\"@type\":\"ImageObject\",\"inLanguage\":\"es\",\"@id\":\"https:\/\/www.tourmusicfest.com\/es\/#\/schema\/logo\/image\/\",\"url\":\"https:\/\/www.tourmusicfest.com\/es\/files\/2024\/04\/Brand-TMF-grey.png\",\"contentUrl\":\"https:\/\/www.tourmusicfest.com\/es\/files\/2024\/04\/Brand-TMF-grey.png\",\"width\":1181,\"height\":875,\"caption\":\"ES - Tour Music Fest\"},\"image\":{\"@id\":\"https:\/\/www.tourmusicfest.com\/es\/#\/schema\/logo\/image\/\"},\"sameAs\":[\"https:\/\/facebook.com\/tourmusicfest\",\"https:\/\/instagram.com\/tourmusicfest\"]}]}<\/script>\n<!-- \/ Yoast SEO plugin. -->","yoast_head_json":{"title":"NUESTROS VALORES - ES - Tour Music Fest","robots":{"index":"index","follow":"follow","max-snippet":"max-snippet:-1","max-image-preview":"max-image-preview:large","max-video-preview":"max-video-preview:-1"},"canonical":"https:\/\/www.tourmusicfest.com\/es\/nuestros-valores\/","og_locale":"es_ES","og_type":"article","og_title":"NUESTROS VALORES - ES - Tour Music Fest","og_description":"Nuestros valores han sido el factor determinante en c\u00f3mo trabajamos, y es gracias a nuestros valores que hemos continuado creciendo por los \u00faltimos 10 a\u00f1os. Pasamos estos valores a nuestros participantes durante cada momento de su experiencia en el Tour Music Fest. CRECIMIENTO Creemos que el crecimiento es la base de todo. El crecimiento, tanto [&hellip;]","og_url":"https:\/\/www.tourmusicfest.com\/es\/nuestros-valores\/","og_site_name":"ES - Tour Music Fest","article_publisher":"https:\/\/facebook.com\/tourmusicfest","article_modified_time":"2026-01-12T17:54:47+00:00","og_image":[{"width":1920,"height":996,"url":"https:\/\/www.tourmusicfest.com\/es\/files\/2017\/06\/bg-green.jpg","type":"image\/jpeg"}],"twitter_card":"summary_large_image","twitter_misc":{"Tiempo de lectura":"4 minutos"},"schema":{"@context":"https:\/\/schema.org","@graph":[{"@type":"WebPage","@id":"https:\/\/www.tourmusicfest.com\/es\/nuestros-valores\/","url":"https:\/\/www.tourmusicfest.com\/es\/nuestros-valores\/","name":"NUESTROS VALORES - ES - Tour Music Fest","isPartOf":{"@id":"https:\/\/www.tourmusicfest.com\/es\/#website"},"primaryImageOfPage":{"@id":"https:\/\/www.tourmusicfest.com\/es\/nuestros-valores\/#primaryimage"},"image":{"@id":"https:\/\/www.tourmusicfest.com\/es\/nuestros-valores\/#primaryimage"},"thumbnailUrl":"https:\/\/www.tourmusicfest.com\/es\/files\/2017\/06\/bg-green.jpg","datePublished":"2017-03-21T13:22:21+00:00","dateModified":"2026-01-12T17:54:47+00:00","breadcrumb":{"@id":"https:\/\/www.tourmusicfest.com\/es\/nuestros-valores\/#breadcrumb"},"inLanguage":"es","potentialAction":[{"@type":"ReadAction","target":["https:\/\/www.tourmusicfest.com\/es\/nuestros-valores\/"]}]},{"@type":"ImageObject","inLanguage":"es","@id":"https:\/\/www.tourmusicfest.com\/es\/nuestros-valores\/#primaryimage","url":"https:\/\/www.tourmusicfest.com\/es\/files\/2017\/06\/bg-green.jpg","contentUrl":"https:\/\/www.tourmusicfest.com\/es\/files\/2017\/06\/bg-green.jpg","width":1920,"height":996},{"@type":"BreadcrumbList","@id":"https:\/\/www.tourmusicfest.com\/es\/nuestros-valores\/#breadcrumb","itemListElement":[{"@type":"ListItem","position":1,"name":"Home","item":"https:\/\/www.tourmusicfest.com\/es\/"},{"@type":"ListItem","position":2,"name":"NUESTROS VALORES"}]},{"@type":"WebSite","@id":"https:\/\/www.tourmusicfest.com\/es\/#website","url":"https:\/\/www.tourmusicfest.com\/es\/","name":"Tour Music Fest - ES","description":"The European Music Contest","publisher":{"@id":"https:\/\/www.tourmusicfest.com\/es\/#organization"},"potentialAction":[{"@type":"SearchAction","target":{"@type":"EntryPoint","urlTemplate":"https:\/\/www.tourmusicfest.com\/es\/?s={search_term_string}"},"query-input":{"@type":"PropertyValueSpecification","valueRequired":true,"valueName":"search_term_string"}}],"inLanguage":"es"},{"@type":"Organization","@id":"https:\/\/www.tourmusicfest.com\/es\/#organization","name":"ES - Tour Music Fest","url":"https:\/\/www.tourmusicfest.com\/es\/","logo":{"@type":"ImageObject","inLanguage":"es","@id":"https:\/\/www.tourmusicfest.com\/es\/#\/schema\/logo\/image\/","url":"https:\/\/www.tourmusicfest.com\/es\/files\/2024\/04\/Brand-TMF-grey.png","contentUrl":"https:\/\/www.tourmusicfest.com\/es\/files\/2024\/04\/Brand-TMF-grey.png","width":1181,"height":875,"caption":"ES - Tour Music Fest"},"image":{"@id":"https:\/\/www.tourmusicfest.com\/es\/#\/schema\/logo\/image\/"},"sameAs":["https:\/\/facebook.com\/tourmusicfest","https:\/\/instagram.com\/tourmusicfest"]}]}},"_links":{"self":[{"href":"https:\/\/www.tourmusicfest.com\/es\/wp-json\/wp\/v2\/pages\/124","targetHints":{"allow":["GET"]}}],"collection":[{"href":"https:\/\/www.tourmusicfest.com\/es\/wp-json\/wp\/v2\/pages"}],"about":[{"href":"https:\/\/www.tourmusicfest.com\/es\/wp-json\/wp\/v2\/types\/page"}],"author":[{"embeddable":true,"href":"https:\/\/www.tourmusicfest.com\/es\/wp-json\/wp\/v2\/users\/3"}],"replies":[{"embeddable":true,"href":"https:\/\/www.tourmusicfest.com\/es\/wp-json\/wp\/v2\/comments?post=124"}],"version-history":[{"count":5,"href":"https:\/\/www.tourmusicfest.com\/es\/wp-json\/wp\/v2\/pages\/124\/revisions"}],"predecessor-version":[{"id":4213,"href":"https:\/\/www.tourmusicfest.com\/es\/wp-json\/wp\/v2\/pages\/124\/revisions\/4213"}],"wp:featuredmedia":[{"embeddable":true,"href":"https:\/\/www.tourmusicfest.com\/es\/wp-json\/wp\/v2\/media\/497"}],"wp:attachment":[{"href":"https:\/\/www.tourmusicfest.com\/es\/wp-json\/wp\/v2\/media?parent=124"}],"curies":[{"name":"wp","href":"https:\/\/api.w.org\/{rel}","templated":true}]}}