{"id":112,"date":"2017-03-21T11:16:29","date_gmt":"2017-03-21T11:16:29","guid":{"rendered":"http:\/\/www.tourmusicfest.com\/?page_id=112"},"modified":"2017-10-04T11:10:09","modified_gmt":"2017-10-04T10:10:09","slug":"mision","status":"publish","type":"page","link":"https:\/\/www.tourmusicfest.com\/es\/mision\/","title":{"rendered":"MISI\u00d3N"},"content":{"rendered":"<p class=\"titoletto\">El Tour Music Fest pretende facultar a artistas Italianos y Europeos emergentes al transmitir el esp\u00edritu art\u00edstico y el crecimiento musical, con el fin de a\u00f1adir valor art\u00edstico y cultural a la m\u00fasica del futuro.<\/p>\n<p><b>Todo esto a trav\u00e9s de las siguientes actividades:<\/b><\/p>\n<ol>\n<li>\n<span>1<\/span><\/p>\n<h3><\/h3>\n<h4><i>Proporcionar a nuestros concursantes una posibilidad tangible de iniciar en la m\u00fasica y la industria del entretenimiento, con apoyo para minimizar gastos;<\/i><\/h4>\n<\/li>\n<li>\n<span>2<\/span><\/p>\n<h3><\/h3>\n<h4><i>Proporcionar tanto experiencia art\u00edstica como profesional, alcanzando a artistas de toda Europa;<\/i><\/h4>\n<\/li>\n<li>\n<span>3<\/span><\/p>\n<h3><\/h3>\n<h4><i>.Proporcionar la oportunidad de orientaci\u00f3n visible y profesional de expertos de la industria musical, los medios y la audiencia;<\/i><\/h4>\n<\/li>\n<li>\n<span>4<\/span><\/p>\n<h3><\/h3>\n<h4><i>Promover el intercambio cultural entre artistas emergentes de Europa, alentando el crecimiento art\u00edstico;<\/i><\/h4>\n<\/li>\n<li>\n<span>5<\/span><\/p>\n<h3><\/h3>\n<h4><i>Mejorar la visibilidad internacional de artistas emergentes a trav\u00e9s de conciertos, tours y eventos Europeas que pretenden promover m\u00fasica emergente, fresca y nueva;<\/i><\/h4>\n<\/li>\n<li>\n<span>6<\/span><\/p>\n<h3><\/h3>\n<h4><i>Proporcionar entrenamiento art\u00edstico profesional, no solo los cursos de entrenamiento del TMF, sino tambi\u00e9n garantizar a cada artista a trav\u00e9s de cada ronda de audiciones, retroalimentaci\u00f3n de profesionales de la industria musical con un enfoque constructivo, ofreciendo sugerencias y orientaci\u00f3n en c\u00f3mo mejorar tanto a nivel t\u00e9cnico como art\u00edstico.<\/i><\/h4>\n<\/li>\n<li>\n<span>7<\/span><\/p>\n<h3><\/h3>\n<h4><i>Proporcionar a artistas j\u00f3venes y emergentes la posibilidad de poner sus habilidades musicales bajo el protagonismo de audiciones en vivo a trav\u00e9s de cada paso, fundamental para hacer una elecci\u00f3n precisa y sacar a flote las cualidades del artista.<\/i><\/h4>\n<\/li>\n<li>\n<span>8<\/span><\/p>\n<h3><\/h3>\n<h4><i>Sensibilizar al p\u00fablico a escuchar nueva m\u00fasica de diferentes mercados a la m\u00fasica que viene de medios nacionales gobernada por din\u00e1micas comerciales.<\/i><\/h4>\n<\/li>\n<\/ol>\n","protected":false},"excerpt":{"rendered":"<p>El Tour Music Fest pretende facultar a artistas Italianos y Europeos emergentes al transmitir el esp\u00edritu art\u00edstico y el crecimiento musical, con el fin de a\u00f1adir valor art\u00edstico y cultural a la m\u00fasica del futuro. Todo esto a trav\u00e9s de las siguientes actividades: 1 Proporcionar a nuestros concursantes una posibilidad tangible de iniciar en la [&hellip;]<\/p>\n","protected":false},"author":3,"featured_media":497,"parent":0,"menu_order":0,"comment_status":"closed","ping_status":"closed","template":"","meta":{"_acf_changed":false,"footnotes":""},"class_list":["post-112","page","type-page","status-publish","has-post-thumbnail","hentry"],"acf":[],"yoast_head":"<!-- This site is optimized with the Yoast SEO plugin v26.7 - https:\/\/yoast.com\/wordpress\/plugins\/seo\/ -->\n<title>MISI\u00d3N - ES - Tour Music Fest<\/title>\n<meta name=\"robots\" content=\"index, follow, max-snippet:-1, max-image-preview:large, max-video-preview:-1\" \/>\n<link rel=\"canonical\" href=\"https:\/\/www.tourmusicfest.com\/es\/mision\/\" \/>\n<meta property=\"og:locale\" content=\"es_ES\" \/>\n<meta property=\"og:type\" content=\"article\" \/>\n<meta property=\"og:title\" content=\"MISI\u00d3N - ES - Tour Music Fest\" \/>\n<meta property=\"og:description\" content=\"El Tour Music Fest pretende facultar a artistas Italianos y Europeos emergentes al transmitir el esp\u00edritu art\u00edstico y el crecimiento musical, con el fin de a\u00f1adir valor art\u00edstico y cultural a la m\u00fasica del futuro. Todo esto a trav\u00e9s de las siguientes actividades: 1 Proporcionar a nuestros concursantes una posibilidad tangible de iniciar en la [&hellip;]\" \/>\n<meta property=\"og:url\" content=\"https:\/\/www.tourmusicfest.com\/es\/mision\/\" \/>\n<meta property=\"og:site_name\" content=\"ES - Tour Music Fest\" \/>\n<meta property=\"article:publisher\" content=\"https:\/\/facebook.com\/tourmusicfest\" \/>\n<meta property=\"article:modified_time\" content=\"2017-10-04T10:10:09+00:00\" \/>\n<meta property=\"og:image\" content=\"https:\/\/www.tourmusicfest.com\/es\/files\/2017\/06\/bg-green.jpg\" \/>\n\t<meta property=\"og:image:width\" content=\"1920\" \/>\n\t<meta property=\"og:image:height\" content=\"996\" \/>\n\t<meta property=\"og:image:type\" content=\"image\/jpeg\" \/>\n<meta name=\"twitter:card\" content=\"summary_large_image\" \/>\n<meta name=\"twitter:label1\" content=\"Tiempo de lectura\" \/>\n\t<meta name=\"twitter:data1\" content=\"1 minuto\" \/>\n<script type=\"application\/ld+json\" class=\"yoast-schema-graph\">{\"@context\":\"https:\/\/schema.org\",\"@graph\":[{\"@type\":\"WebPage\",\"@id\":\"https:\/\/www.tourmusicfest.com\/es\/mision\/\",\"url\":\"https:\/\/www.tourmusicfest.com\/es\/mision\/\",\"name\":\"MISI\u00d3N - ES - Tour Music Fest\",\"isPartOf\":{\"@id\":\"https:\/\/www.tourmusicfest.com\/es\/#website\"},\"primaryImageOfPage\":{\"@id\":\"https:\/\/www.tourmusicfest.com\/es\/mision\/#primaryimage\"},\"image\":{\"@id\":\"https:\/\/www.tourmusicfest.com\/es\/mision\/#primaryimage\"},\"thumbnailUrl\":\"https:\/\/www.tourmusicfest.com\/es\/files\/2017\/06\/bg-green.jpg\",\"datePublished\":\"2017-03-21T11:16:29+00:00\",\"dateModified\":\"2017-10-04T10:10:09+00:00\",\"breadcrumb\":{\"@id\":\"https:\/\/www.tourmusicfest.com\/es\/mision\/#breadcrumb\"},\"inLanguage\":\"es\",\"potentialAction\":[{\"@type\":\"ReadAction\",\"target\":[\"https:\/\/www.tourmusicfest.com\/es\/mision\/\"]}]},{\"@type\":\"ImageObject\",\"inLanguage\":\"es\",\"@id\":\"https:\/\/www.tourmusicfest.com\/es\/mision\/#primaryimage\",\"url\":\"https:\/\/www.tourmusicfest.com\/es\/files\/2017\/06\/bg-green.jpg\",\"contentUrl\":\"https:\/\/www.tourmusicfest.com\/es\/files\/2017\/06\/bg-green.jpg\",\"width\":1920,\"height\":996},{\"@type\":\"BreadcrumbList\",\"@id\":\"https:\/\/www.tourmusicfest.com\/es\/mision\/#breadcrumb\",\"itemListElement\":[{\"@type\":\"ListItem\",\"position\":1,\"name\":\"Home\",\"item\":\"https:\/\/www.tourmusicfest.com\/es\/\"},{\"@type\":\"ListItem\",\"position\":2,\"name\":\"MISI\u00d3N\"}]},{\"@type\":\"WebSite\",\"@id\":\"https:\/\/www.tourmusicfest.com\/es\/#website\",\"url\":\"https:\/\/www.tourmusicfest.com\/es\/\",\"name\":\"Tour Music Fest - ES\",\"description\":\"The European Music Contest\",\"publisher\":{\"@id\":\"https:\/\/www.tourmusicfest.com\/es\/#organization\"},\"potentialAction\":[{\"@type\":\"SearchAction\",\"target\":{\"@type\":\"EntryPoint\",\"urlTemplate\":\"https:\/\/www.tourmusicfest.com\/es\/?s={search_term_string}\"},\"query-input\":{\"@type\":\"PropertyValueSpecification\",\"valueRequired\":true,\"valueName\":\"search_term_string\"}}],\"inLanguage\":\"es\"},{\"@type\":\"Organization\",\"@id\":\"https:\/\/www.tourmusicfest.com\/es\/#organization\",\"name\":\"ES - Tour Music Fest\",\"url\":\"https:\/\/www.tourmusicfest.com\/es\/\",\"logo\":{\"@type\":\"ImageObject\",\"inLanguage\":\"es\",\"@id\":\"https:\/\/www.tourmusicfest.com\/es\/#\/schema\/logo\/image\/\",\"url\":\"https:\/\/www.tourmusicfest.com\/es\/files\/2024\/04\/Brand-TMF-grey.png\",\"contentUrl\":\"https:\/\/www.tourmusicfest.com\/es\/files\/2024\/04\/Brand-TMF-grey.png\",\"width\":1181,\"height\":875,\"caption\":\"ES - Tour Music Fest\"},\"image\":{\"@id\":\"https:\/\/www.tourmusicfest.com\/es\/#\/schema\/logo\/image\/\"},\"sameAs\":[\"https:\/\/facebook.com\/tourmusicfest\",\"https:\/\/instagram.com\/tourmusicfest\"]}]}<\/script>\n<!-- \/ Yoast SEO plugin. -->","yoast_head_json":{"title":"MISI\u00d3N - ES - Tour Music Fest","robots":{"index":"index","follow":"follow","max-snippet":"max-snippet:-1","max-image-preview":"max-image-preview:large","max-video-preview":"max-video-preview:-1"},"canonical":"https:\/\/www.tourmusicfest.com\/es\/mision\/","og_locale":"es_ES","og_type":"article","og_title":"MISI\u00d3N - ES - Tour Music Fest","og_description":"El Tour Music Fest pretende facultar a artistas Italianos y Europeos emergentes al transmitir el esp\u00edritu art\u00edstico y el crecimiento musical, con el fin de a\u00f1adir valor art\u00edstico y cultural a la m\u00fasica del futuro. Todo esto a trav\u00e9s de las siguientes actividades: 1 Proporcionar a nuestros concursantes una posibilidad tangible de iniciar en la [&hellip;]","og_url":"https:\/\/www.tourmusicfest.com\/es\/mision\/","og_site_name":"ES - Tour Music Fest","article_publisher":"https:\/\/facebook.com\/tourmusicfest","article_modified_time":"2017-10-04T10:10:09+00:00","og_image":[{"width":1920,"height":996,"url":"https:\/\/www.tourmusicfest.com\/es\/files\/2017\/06\/bg-green.jpg","type":"image\/jpeg"}],"twitter_card":"summary_large_image","twitter_misc":{"Tiempo de lectura":"1 minuto"},"schema":{"@context":"https:\/\/schema.org","@graph":[{"@type":"WebPage","@id":"https:\/\/www.tourmusicfest.com\/es\/mision\/","url":"https:\/\/www.tourmusicfest.com\/es\/mision\/","name":"MISI\u00d3N - ES - Tour Music Fest","isPartOf":{"@id":"https:\/\/www.tourmusicfest.com\/es\/#website"},"primaryImageOfPage":{"@id":"https:\/\/www.tourmusicfest.com\/es\/mision\/#primaryimage"},"image":{"@id":"https:\/\/www.tourmusicfest.com\/es\/mision\/#primaryimage"},"thumbnailUrl":"https:\/\/www.tourmusicfest.com\/es\/files\/2017\/06\/bg-green.jpg","datePublished":"2017-03-21T11:16:29+00:00","dateModified":"2017-10-04T10:10:09+00:00","breadcrumb":{"@id":"https:\/\/www.tourmusicfest.com\/es\/mision\/#breadcrumb"},"inLanguage":"es","potentialAction":[{"@type":"ReadAction","target":["https:\/\/www.tourmusicfest.com\/es\/mision\/"]}]},{"@type":"ImageObject","inLanguage":"es","@id":"https:\/\/www.tourmusicfest.com\/es\/mision\/#primaryimage","url":"https:\/\/www.tourmusicfest.com\/es\/files\/2017\/06\/bg-green.jpg","contentUrl":"https:\/\/www.tourmusicfest.com\/es\/files\/2017\/06\/bg-green.jpg","width":1920,"height":996},{"@type":"BreadcrumbList","@id":"https:\/\/www.tourmusicfest.com\/es\/mision\/#breadcrumb","itemListElement":[{"@type":"ListItem","position":1,"name":"Home","item":"https:\/\/www.tourmusicfest.com\/es\/"},{"@type":"ListItem","position":2,"name":"MISI\u00d3N"}]},{"@type":"WebSite","@id":"https:\/\/www.tourmusicfest.com\/es\/#website","url":"https:\/\/www.tourmusicfest.com\/es\/","name":"Tour Music Fest - ES","description":"The European Music Contest","publisher":{"@id":"https:\/\/www.tourmusicfest.com\/es\/#organization"},"potentialAction":[{"@type":"SearchAction","target":{"@type":"EntryPoint","urlTemplate":"https:\/\/www.tourmusicfest.com\/es\/?s={search_term_string}"},"query-input":{"@type":"PropertyValueSpecification","valueRequired":true,"valueName":"search_term_string"}}],"inLanguage":"es"},{"@type":"Organization","@id":"https:\/\/www.tourmusicfest.com\/es\/#organization","name":"ES - Tour Music Fest","url":"https:\/\/www.tourmusicfest.com\/es\/","logo":{"@type":"ImageObject","inLanguage":"es","@id":"https:\/\/www.tourmusicfest.com\/es\/#\/schema\/logo\/image\/","url":"https:\/\/www.tourmusicfest.com\/es\/files\/2024\/04\/Brand-TMF-grey.png","contentUrl":"https:\/\/www.tourmusicfest.com\/es\/files\/2024\/04\/Brand-TMF-grey.png","width":1181,"height":875,"caption":"ES - Tour Music Fest"},"image":{"@id":"https:\/\/www.tourmusicfest.com\/es\/#\/schema\/logo\/image\/"},"sameAs":["https:\/\/facebook.com\/tourmusicfest","https:\/\/instagram.com\/tourmusicfest"]}]}},"_links":{"self":[{"href":"https:\/\/www.tourmusicfest.com\/es\/wp-json\/wp\/v2\/pages\/112","targetHints":{"allow":["GET"]}}],"collection":[{"href":"https:\/\/www.tourmusicfest.com\/es\/wp-json\/wp\/v2\/pages"}],"about":[{"href":"https:\/\/www.tourmusicfest.com\/es\/wp-json\/wp\/v2\/types\/page"}],"author":[{"embeddable":true,"href":"https:\/\/www.tourmusicfest.com\/es\/wp-json\/wp\/v2\/users\/3"}],"replies":[{"embeddable":true,"href":"https:\/\/www.tourmusicfest.com\/es\/wp-json\/wp\/v2\/comments?post=112"}],"version-history":[{"count":3,"href":"https:\/\/www.tourmusicfest.com\/es\/wp-json\/wp\/v2\/pages\/112\/revisions"}],"predecessor-version":[{"id":868,"href":"https:\/\/www.tourmusicfest.com\/es\/wp-json\/wp\/v2\/pages\/112\/revisions\/868"}],"wp:featuredmedia":[{"embeddable":true,"href":"https:\/\/www.tourmusicfest.com\/es\/wp-json\/wp\/v2\/media\/497"}],"wp:attachment":[{"href":"https:\/\/www.tourmusicfest.com\/es\/wp-json\/wp\/v2\/media?parent=112"}],"curies":[{"name":"wp","href":"https:\/\/api.w.org\/{rel}","templated":true}]}}